{"id":46381,"date":"2026-02-09T10:57:18","date_gmt":"2026-02-09T07:57:18","guid":{"rendered":"https:\/\/estecenter.net\/?page_id=46381"},"modified":"2026-02-09T11:01:38","modified_gmt":"2026-02-09T08:01:38","slug":"iletisim","status":"publish","type":"page","link":"https:\/\/estecenter.net\/de\/iletisim\/","title":{"rendered":"\u0130leti\u015fim"},"content":{"rendered":"<div data-elementor-type=\"wp-page\" data-elementor-id=\"46381\" class=\"elementor elementor-46381\">\n\t\t\t\t\t\t\t\t\t<section class=\"elementor-section elementor-top-section elementor-element elementor-element-95c8f22 elementor-section-boxed elementor-section-height-default elementor-section-height-default\" data-id=\"95c8f22\" data-element_type=\"section\" data-settings=\"{&quot;jet_parallax_layout_list&quot;:[]}\">\n\t\t\t\t\t\t<div class=\"elementor-container elementor-column-gap-default\">\n\t\t\t\t\t<div class=\"elementor-column elementor-col-100 elementor-top-column elementor-element elementor-element-fdc2972\" data-id=\"fdc2972\" data-element_type=\"column\">\n\t\t\t<div class=\"elementor-widget-wrap elementor-element-populated\">\n\t\t\t\t\t\t\t\t<div class=\"elementor-element elementor-element-b9fc549 elementor-widget elementor-widget-html\" data-id=\"b9fc549\" data-element_type=\"widget\" data-widget_type=\"html.default\">\n\t\t\t\t<div class=\"elementor-widget-container\">\n\t\t\t<!-- LineIcons -->\n<link rel=\"stylesheet\" href=\"https:\/\/cdn.lineicons.com\/4.0\/lineicons.css\">\n\n<!-- Google Font -->\n<link rel=\"preconnect\" href=\"https:\/\/fonts.googleapis.com\">\n<link rel=\"preconnect\" href=\"https:\/\/fonts.gstatic.com\" crossorigin>\n<link href=\"https:\/\/fonts.googleapis.com\/css2?family=Poppins:wght@400;600;700&display=swap\" rel=\"stylesheet\">\n\n<section class=\"qc-wrap\">\n  <div class=\"qc-card\">\n    <h2 class=\"qc-title\">Quick Contacts<\/h2>\n\n    <ul class=\"qc-list\">\n\n      <li class=\"qc-item\">\n        <i class=\"lni lni-map-marker qc-ico\"><\/i>\n        <div class=\"qc-text\">\n          <div class=\"qc-label\">Address<\/div>\n          <div class=\"qc-value\">\n            Fulya Mahallesi Hakk\u0131 Yeten Caddesi K\u0131van\u00e7 Sokak No:24 \u015ei\u015fli \/ \u0130stanbul\n          <\/div>\n        <\/div>\n      <\/li>\n\n      <li class=\"qc-item\">\n        <i class=\"lni lni-envelope qc-ico\"><\/i>\n        <div class=\"qc-text\">\n          <div class=\"qc-label\">Email<\/div>\n          <div class=\"qc-value\">\n            <a href=\"mailto:info@estecenter.com\">info@estecenter.com<\/a>\n          <\/div>\n        <\/div>\n      <\/li>\n\n      <li class=\"qc-item\">\n        <i class=\"lni lni-headphone-alt qc-ico\"><\/i>\n        <div class=\"qc-text\">\n          <div class=\"qc-label\">Call Center<\/div>\n          <div class=\"qc-value\">\n            <a href=\"tel:+905434586370\">+90 543 458 63 70<\/a>\n          <\/div>\n        <\/div>\n      <\/li>\n\n      <li class=\"qc-item\">\n        <i class=\"lni lni-phone qc-ico\"><\/i>\n        <div class=\"qc-text\">\n          <div class=\"qc-label\">Telephone<\/div>\n          <div class=\"qc-value\">\n            <a href=\"tel:+905434586370\">+90 543 458 63 70<\/a>\n          <\/div>\n        <\/div>\n      <\/li>\n\n      <li class=\"qc-item\">\n        <i class=\"lni lni-whatsapp qc-ico\"><\/i>\n        <div class=\"qc-text\">\n          <div class=\"qc-label\">WhatsApp<\/div>\n          <div class=\"qc-value\">\n            <a href=\"https:\/\/wa.me\/905434586370\" target=\"_blank\">+90 543 458 63 70<\/a>\n          <\/div>\n        <\/div>\n      <\/li>\n\n      <li class=\"qc-item\">\n        <i class=\"lni lni-facebook-messenger qc-ico\"><\/i>\n        <div class=\"qc-text\">\n          <div class=\"qc-label\">Facebook Messenger<\/div>\n        <\/div>\n      <\/li>\n\n    <\/ul>\n  <\/div>\n<\/section>\n\n<style>\n* {\n  box-sizing: border-box;\n}\n\nbody {\n  margin: 0;\n  font-family: 'Poppins', sans-serif;\n}\n\n.qc-wrap {\n  min-height: 100vh;\n  display: flex;\n  justify-content: center;\n  align-items: center;\n  padding: 24px;\n  background: #ffffff;\n}\n\n.qc-card {\n  width: 760px;\n  max-width: 100%;\n  padding: 56px;\n  border-radius: 44px;\n  color: #ffffff;\n  background: linear-gradient(135deg, #19d4c6, #20cfc1, #1ec7cd);\n  position: relative;\n  overflow: hidden;\n}\n\n.qc-card::after {\n  content: \"\";\n  position: absolute;\n  inset: -20%;\n  background: radial-gradient(circle at top right, rgba(255,255,255,.25), transparent 60%);\n}\n\n.qc-title {\n  font-size: 44px;\n  font-weight: 600;\n  margin-bottom: 32px;\n  position: relative;\n}\n\n.qc-list {\n  list-style: none;\n  padding: 0;\n  margin: 0;\n  display: grid;\n  gap: 24px;\n  position: relative;\n}\n\n.qc-item {\n  display: flex;\n  gap: 20px;\n  align-items: flex-start;\n}\n\n.qc-ico {\n  font-size: 44px;\n  line-height: 1;\n  flex-shrink: 0;\n  color: #ffffff;\n}\n\n.qc-text {\n  max-width: 520px;\n}\n\n.qc-label {\n  font-size: 22px;\n  font-weight: 700;\n  margin-bottom: 6px;\n}\n\n.qc-value {\n  font-size: 22px;\n  font-weight: 600;\n  line-height: 1.45;\n}\n\n.qc-value a {\n  color: #ffffff;\n  text-decoration: none;\n}\n\n.qc-value a:hover {\n  text-decoration: underline;\n}\n\n@media (max-width: 640px) {\n  .qc-card {\n    padding: 32px 24px;\n    border-radius: 32px;\n  }\n\n  .qc-title {\n    font-size: 32px;\n  }\n\n  .qc-ico {\n    font-size: 36px;\n  }\n\n  .qc-label,\n  .qc-value {\n    font-size: 18px;\n  }\n}\n<\/style>\n\t\t<\/div>\n\t\t\t\t<\/div>\n\t\t\t\t\t<\/div>\n\t\t<\/div>\n\t\t\t\t\t\t\t<\/div>\n\t\t<\/section>\n\t\t\t\t\t\t\t<\/div>","protected":false},"excerpt":{"rendered":"<p>Quick Contacts Address Fulya Mahallesi Hakk\u0131 Yeten Caddesi K\u0131van\u00e7 Sokak No:24 \u015ei\u015fli \/ \u0130stanbul Email info@estecenter.com Call Center +90 543 458 63 70 Telephone +90 543 458 63 70 WhatsApp +90 543 458 63 70 Facebook Messenger<\/p>","protected":false},"author":1,"featured_media":0,"parent":0,"menu_order":0,"comment_status":"closed","ping_status":"closed","template":"","meta":[],"_links":{"self":[{"href":"https:\/\/estecenter.net\/de\/wp-json\/wp\/v2\/pages\/46381"}],"collection":[{"href":"https:\/\/estecenter.net\/de\/wp-json\/wp\/v2\/pages"}],"about":[{"href":"https:\/\/estecenter.net\/de\/wp-json\/wp\/v2\/types\/page"}],"author":[{"embeddable":true,"href":"https:\/\/estecenter.net\/de\/wp-json\/wp\/v2\/users\/1"}],"replies":[{"embeddable":true,"href":"https:\/\/estecenter.net\/de\/wp-json\/wp\/v2\/comments?post=46381"}],"version-history":[{"count":4,"href":"https:\/\/estecenter.net\/de\/wp-json\/wp\/v2\/pages\/46381\/revisions"}],"predecessor-version":[{"id":46386,"href":"https:\/\/estecenter.net\/de\/wp-json\/wp\/v2\/pages\/46381\/revisions\/46386"}],"wp:attachment":[{"href":"https:\/\/estecenter.net\/de\/wp-json\/wp\/v2\/media?parent=46381"}],"curies":[{"name":"wp","href":"https:\/\/api.w.org\/{rel}","templated":true}]}}